{"id":343,"date":"2023-05-25T09:25:12","date_gmt":"2023-05-25T09:25:12","guid":{"rendered":"https:\/\/slipnslide.lv\/?page_id=343"},"modified":"2023-10-22T06:21:54","modified_gmt":"2023-10-22T06:21:54","slug":"343-2","status":"publish","type":"page","link":"https:\/\/slipnslide.lv\/lv\/343-2\/","title":{"rendered":"Ice Rink"},"content":{"rendered":"[et_pb_section fb_built=&#8221;1&#8243; _builder_version=&#8221;4.5.3&#8243; _module_preset=&#8221;default&#8221;][et_pb_row _builder_version=&#8221;4.5.3&#8243; _module_preset=&#8221;default&#8221; custom_margin=&#8221;8px|auto||auto||&#8221;][et_pb_column type=&#8221;4_4&#8243; _builder_version=&#8221;4.5.3&#8243; _module_preset=&#8221;default&#8221;][et_pb_text _builder_version=&#8221;4.5.3&#8243; _module_preset=&#8221;default&#8221; text_font=&#8221;Alfa Slab One||||||||&#8221;]<h1 style=\"text-align: center;\">Slip N Slide Ziem\u0101<\/h1>[\/et_pb_text][\/et_pb_column][\/et_pb_row][et_pb_row column_structure=&#8221;1_4,1_4,1_4,1_4&#8243; _builder_version=&#8221;4.5.3&#8243; _module_preset=&#8221;default&#8221; custom_margin=&#8221;2px|auto||auto||&#8221;][et_pb_column type=&#8221;1_4&#8243; _builder_version=&#8221;4.5.3&#8243; _module_preset=&#8221;default&#8221;][et_pb_image src=&#8221;https:\/\/slipnslide.lv\/wp-content\/uploads\/2023\/05\/IMG_8407-rotated.jpg&#8221; title_text=&#8221;IMG_8407&#8243; _builder_version=&#8221;4.5.3&#8243; _module_preset=&#8221;default&#8221;][\/et_pb_image][et_pb_text _builder_version=&#8221;4.5.3&#8243; _module_preset=&#8221;default&#8221; text_font=&#8221;Alfa Slab One||||||||&#8221;]<p>Ziem\u0101 uzsald\u0113jam pamat\u012bgu ledus k\u0101rtu un pa slip&#8217;n&#8217;slide traucamies lej\u0101 ar kamer\u0101m! Asas izj\u016btas un gar\u0161 nobrauciens garant\u0113ts.\u00a0<\/p>[\/et_pb_text][\/et_pb_column][et_pb_column type=&#8221;1_4&#8243; _builder_version=&#8221;4.5.3&#8243; _module_preset=&#8221;default&#8221;][et_pb_image src=&#8221;https:\/\/slipnslide.lv\/wp-content\/uploads\/2023\/05\/IMG_7161-rotated.jpg&#8221; title_text=&#8221;IMG_7161&#8243; _builder_version=&#8221;4.5.3&#8243; _module_preset=&#8221;default&#8221;][\/et_pb_image][et_pb_text _builder_version=&#8221;4.5.3&#8243; _module_preset=&#8221;default&#8221; text_font=&#8221;Alfa Slab One||||||||&#8221;]<p>Str\u0101d\u0101jam ar\u012b tum\u0161aj\u0101s stund\u0101s &#8211; tad nobrauciens tiek izgaismots.\u00a0<\/p>[\/et_pb_text][\/et_pb_column][et_pb_column type=&#8221;1_4&#8243; _builder_version=&#8221;4.5.3&#8243; _module_preset=&#8221;default&#8221;][et_pb_image src=&#8221;https:\/\/slipnslide.lv\/wp-content\/uploads\/2023\/05\/IMG_8466-rotated.jpg&#8221; title_text=&#8221;IMG_8466&#8243; _builder_version=&#8221;4.5.3&#8243; _module_preset=&#8221;default&#8221; width=&#8221;100%&#8221;][\/et_pb_image][et_pb_text _builder_version=&#8221;4.5.3&#8243; _module_preset=&#8221;default&#8221; text_font=&#8221;Alfa Slab One||||||||&#8221;]<p>Br\u012bvdien\u0101s j\u0101r\u0113\u0137in\u0101s ar rindu &#8211; sl\u012bd\u0113t grib\u0113t\u0101ju netr\u016bkst!<\/p>[\/et_pb_text][\/et_pb_column][et_pb_column type=&#8221;1_4&#8243; _builder_version=&#8221;4.5.3&#8243; _module_preset=&#8221;default&#8221;][et_pb_image src=&#8221;https:\/\/slipnslide.lv\/wp-content\/uploads\/2023\/05\/IMG_8418-rotated.jpg&#8221; title_text=&#8221;IMG_8418&#8243; _builder_version=&#8221;4.5.3&#8243; _module_preset=&#8221;default&#8221;][\/et_pb_image][et_pb_text _builder_version=&#8221;4.5.3&#8243; _module_preset=&#8221;default&#8221; text_font=&#8221;Alfa Slab One||||||||&#8221;]<p>Pie mums atrad\u012bsi ar\u012b \u0101ra slidotavu. Kur m\u0101c\u012bties slidot vai atstr\u0101d\u0101t prasmes.\u00a0<\/p>[\/et_pb_text][\/et_pb_column][\/et_pb_row][\/et_pb_section]","protected":false},"excerpt":{"rendered":"","protected":false},"author":1,"featured_media":0,"parent":0,"menu_order":0,"comment_status":"closed","ping_status":"closed","template":"","meta":{"_et_pb_use_builder":"on","_et_pb_old_content":"","_et_gb_content_width":"","footnotes":""},"_links":{"self":[{"href":"https:\/\/slipnslide.lv\/lv\/wp-json\/wp\/v2\/pages\/343"}],"collection":[{"href":"https:\/\/slipnslide.lv\/lv\/wp-json\/wp\/v2\/pages"}],"about":[{"href":"https:\/\/slipnslide.lv\/lv\/wp-json\/wp\/v2\/types\/page"}],"author":[{"embeddable":true,"href":"https:\/\/slipnslide.lv\/lv\/wp-json\/wp\/v2\/users\/1"}],"replies":[{"embeddable":true,"href":"https:\/\/slipnslide.lv\/lv\/wp-json\/wp\/v2\/comments?post=343"}],"version-history":[{"count":6,"href":"https:\/\/slipnslide.lv\/lv\/wp-json\/wp\/v2\/pages\/343\/revisions"}],"predecessor-version":[{"id":436,"href":"https:\/\/slipnslide.lv\/lv\/wp-json\/wp\/v2\/pages\/343\/revisions\/436"}],"wp:attachment":[{"href":"https:\/\/slipnslide.lv\/lv\/wp-json\/wp\/v2\/media?parent=343"}],"curies":[{"name":"wp","href":"https:\/\/api.w.org\/{rel}","templated":true}]}}